{"id":98,"date":"2024-04-04T18:57:24","date_gmt":"2024-04-04T16:57:24","guid":{"rendered":"https:\/\/dev.socialart-muenchen.de\/?page_id=98"},"modified":"2024-04-07T20:19:18","modified_gmt":"2024-04-07T18:19:18","slug":"datenschutz","status":"publish","type":"page","link":"https:\/\/socialart-muenchen.de\/index.php\/datenschutz\/","title":{"rendered":"Datenschutz"},"content":{"rendered":"\n<h3 class=\"wp-block-heading\">Personenbezogene Daten<\/h3>\n\n\n\n<p>Der Schutz Ihrer pers\u00f6nlichen Daten ist uns ein besonderes Anliegen. Wir behandeln Ihre personenbezogenen Daten vertraulich und entsprechend der gesetzlichen Datenschutzvorschriften sowie dieser Datenschutzerkl\u00e4rung. Die Nutzung unserer Webseite ist in der Regel ohne Angabe personenbezogener Daten m\u00f6glich. Soweit auf unseren Seiten personenbezogene Daten (beispielsweise Name, Anschrift oder E-Mail-Adressen) erhoben werden, erfolgt dies, soweit m\u00f6glich, stets auf freiwilliger Basis. Diese Daten werden ohne Ihre ausdr\u00fcckliche Zustimmung nicht an Dritte weitergegeben. Wir weisen darauf hin, dass die Daten\u00fcbertragung im Internet (z.B. bei der Kommunikation per E-Mail) Sicherheitsl\u00fccken aufweisen kann. Ein l\u00fcckenloser Schutz der Daten vor dem Zugriff durch Dritte ist nicht m\u00f6glich.<\/p>\n\n\n\n<h3 class=\"wp-block-heading\">Widerruf Ihrer Einwilligung<\/h3>\n\n\n\n<p>Sie haben das Recht, Ihre Einwilligung zur Verarbeitung Ihrer personenbezogenen Daten jederzeit zu widerrufen. Wenn Sie Ihre Datenschutzeinstellungen \u00e4ndern m\u00f6chten, k\u00f6nnen Sie dies tun, indem Sie auf den entsprechenden Button klicken, der sich im unteren Bereich dieses Dialgos befindet. Dort haben Sie die M\u00f6glichkeit, Ihre Einwilligung f\u00fcr das Setzen von Cookies und die damit verbundene Datenverarbeitung zu widerrufen oder anzupassen. Bitte beachten Sie, dass der Widerruf der Einwilligung die Rechtm\u00e4\u00dfigkeit der aufgrund der Einwilligung bis zum Widerruf erfolgten Verarbeitung nicht ber\u00fchrt.<\/p>\n","protected":false},"excerpt":{"rendered":"<p>Personenbezogene Daten Der Schutz Ihrer pers\u00f6nlichen Daten ist uns ein besonderes Anliegen. Wir behandeln Ihre personenbezogenen Daten vertraulich und entsprechend der gesetzlichen Datenschutzvorschriften sowie dieser Datenschutzerkl\u00e4rung. Die Nutzung unserer Webseite [&hellip;]<\/p>\n","protected":false},"author":2,"featured_media":0,"parent":0,"menu_order":0,"comment_status":"closed","ping_status":"closed","template":"","meta":{"pgc_sgb_lightbox_settings":"","_EventAllDay":false,"_EventTimezone":"","_EventStartDate":"","_EventEndDate":"","_EventStartDateUTC":"","_EventEndDateUTC":"","_EventShowMap":false,"_EventShowMapLink":false,"_EventURL":"","_EventCost":"","_EventCostDescription":"","_EventCurrencySymbol":"","_EventCurrencyCode":"","_EventCurrencyPosition":"","_EventDateTimeSeparator":"","_EventTimeRangeSeparator":"","_EventOrganizerID":[],"_EventVenueID":[],"_OrganizerEmail":"","_OrganizerPhone":"","_OrganizerWebsite":"","_VenueAddress":"","_VenueCity":"","_VenueCountry":"","_VenueProvince":"","_VenueState":"","_VenueZip":"","_VenuePhone":"","_VenueURL":"","_VenueStateProvince":"","_VenueLat":"","_VenueLng":"","_VenueShowMap":false,"_VenueShowMapLink":false,"footnotes":""},"class_list":["post-98","page","type-page","status-publish","hentry"],"yoast_head":"<!-- This site is optimized with the Yoast SEO plugin v27.4 - https:\/\/yoast.com\/product\/yoast-seo-wordpress\/ -->\n<title>SocialArt | Datenschutz<\/title>\n<meta name=\"robots\" content=\"index, follow, max-snippet:-1, max-image-preview:large, max-video-preview:-1\" \/>\n<link rel=\"canonical\" href=\"https:\/\/socialart-muenchen.de\/index.php\/datenschutz\/\" \/>\n<meta property=\"og:locale\" content=\"de_DE\" \/>\n<meta property=\"og:type\" content=\"article\" \/>\n<meta property=\"og:title\" content=\"SocialArt | Datenschutz\" \/>\n<meta property=\"og:description\" content=\"Personenbezogene Daten Der Schutz Ihrer pers\u00f6nlichen Daten ist uns ein besonderes Anliegen. Wir behandeln Ihre personenbezogenen Daten vertraulich und entsprechend der gesetzlichen Datenschutzvorschriften sowie dieser Datenschutzerkl\u00e4rung. Die Nutzung unserer Webseite [&hellip;]\" \/>\n<meta property=\"og:url\" content=\"https:\/\/socialart-muenchen.de\/index.php\/datenschutz\/\" \/>\n<meta property=\"og:site_name\" content=\"SocialArt\" \/>\n<meta property=\"article:modified_time\" content=\"2024-04-07T18:19:18+00:00\" \/>\n<meta name=\"twitter:card\" content=\"summary_large_image\" \/>\n<meta name=\"twitter:label1\" content=\"Gesch\u00e4tzte Lesezeit\" \/>\n\t<meta name=\"twitter:data1\" content=\"2\u00a0Minuten\" \/>\n<script type=\"application\/ld+json\" class=\"yoast-schema-graph\">{\"@context\":\"https:\\\/\\\/schema.org\",\"@graph\":[{\"@type\":\"WebPage\",\"@id\":\"https:\\\/\\\/socialart-muenchen.de\\\/index.php\\\/datenschutz\\\/\",\"url\":\"https:\\\/\\\/socialart-muenchen.de\\\/index.php\\\/datenschutz\\\/\",\"name\":\"SocialArt | Datenschutz\",\"isPartOf\":{\"@id\":\"http:\\\/\\\/socialart-muenchen.de\\\/#website\"},\"datePublished\":\"2024-04-04T16:57:24+00:00\",\"dateModified\":\"2024-04-07T18:19:18+00:00\",\"breadcrumb\":{\"@id\":\"https:\\\/\\\/socialart-muenchen.de\\\/index.php\\\/datenschutz\\\/#breadcrumb\"},\"inLanguage\":\"de\",\"potentialAction\":[{\"@type\":\"ReadAction\",\"target\":[\"https:\\\/\\\/socialart-muenchen.de\\\/index.php\\\/datenschutz\\\/\"]}]},{\"@type\":\"BreadcrumbList\",\"@id\":\"https:\\\/\\\/socialart-muenchen.de\\\/index.php\\\/datenschutz\\\/#breadcrumb\",\"itemListElement\":[{\"@type\":\"ListItem\",\"position\":1,\"name\":\"Startseite\",\"item\":\"http:\\\/\\\/socialart-muenchen.de\\\/\"},{\"@type\":\"ListItem\",\"position\":2,\"name\":\"Datenschutz\"}]},{\"@type\":\"WebSite\",\"@id\":\"http:\\\/\\\/socialart-muenchen.de\\\/#website\",\"url\":\"http:\\\/\\\/socialart-muenchen.de\\\/\",\"name\":\"SocialArt\",\"description\":\"\",\"publisher\":{\"@id\":\"http:\\\/\\\/socialart-muenchen.de\\\/#organization\"},\"potentialAction\":[{\"@type\":\"SearchAction\",\"target\":{\"@type\":\"EntryPoint\",\"urlTemplate\":\"http:\\\/\\\/socialart-muenchen.de\\\/?s={search_term_string}\"},\"query-input\":{\"@type\":\"PropertyValueSpecification\",\"valueRequired\":true,\"valueName\":\"search_term_string\"}}],\"inLanguage\":\"de\"},{\"@type\":\"Organization\",\"@id\":\"http:\\\/\\\/socialart-muenchen.de\\\/#organization\",\"name\":\"SocialArt\",\"url\":\"http:\\\/\\\/socialart-muenchen.de\\\/\",\"logo\":{\"@type\":\"ImageObject\",\"inLanguage\":\"de\",\"@id\":\"http:\\\/\\\/socialart-muenchen.de\\\/#\\\/schema\\\/logo\\\/image\\\/\",\"url\":\"https:\\\/\\\/socialart-muenchen.de\\\/wp-content\\\/uploads\\\/2024\\\/05\\\/logo-2.png\",\"contentUrl\":\"https:\\\/\\\/socialart-muenchen.de\\\/wp-content\\\/uploads\\\/2024\\\/05\\\/logo-2.png\",\"width\":687,\"height\":245,\"caption\":\"SocialArt\"},\"image\":{\"@id\":\"http:\\\/\\\/socialart-muenchen.de\\\/#\\\/schema\\\/logo\\\/image\\\/\"}}]}<\/script>\n<!-- \/ Yoast SEO plugin. -->","yoast_head_json":{"title":"SocialArt | Datenschutz","robots":{"index":"index","follow":"follow","max-snippet":"max-snippet:-1","max-image-preview":"max-image-preview:large","max-video-preview":"max-video-preview:-1"},"canonical":"https:\/\/socialart-muenchen.de\/index.php\/datenschutz\/","og_locale":"de_DE","og_type":"article","og_title":"SocialArt | Datenschutz","og_description":"Personenbezogene Daten Der Schutz Ihrer pers\u00f6nlichen Daten ist uns ein besonderes Anliegen. Wir behandeln Ihre personenbezogenen Daten vertraulich und entsprechend der gesetzlichen Datenschutzvorschriften sowie dieser Datenschutzerkl\u00e4rung. Die Nutzung unserer Webseite [&hellip;]","og_url":"https:\/\/socialart-muenchen.de\/index.php\/datenschutz\/","og_site_name":"SocialArt","article_modified_time":"2024-04-07T18:19:18+00:00","twitter_card":"summary_large_image","twitter_misc":{"Gesch\u00e4tzte Lesezeit":"2\u00a0Minuten"},"schema":{"@context":"https:\/\/schema.org","@graph":[{"@type":"WebPage","@id":"https:\/\/socialart-muenchen.de\/index.php\/datenschutz\/","url":"https:\/\/socialart-muenchen.de\/index.php\/datenschutz\/","name":"SocialArt | Datenschutz","isPartOf":{"@id":"http:\/\/socialart-muenchen.de\/#website"},"datePublished":"2024-04-04T16:57:24+00:00","dateModified":"2024-04-07T18:19:18+00:00","breadcrumb":{"@id":"https:\/\/socialart-muenchen.de\/index.php\/datenschutz\/#breadcrumb"},"inLanguage":"de","potentialAction":[{"@type":"ReadAction","target":["https:\/\/socialart-muenchen.de\/index.php\/datenschutz\/"]}]},{"@type":"BreadcrumbList","@id":"https:\/\/socialart-muenchen.de\/index.php\/datenschutz\/#breadcrumb","itemListElement":[{"@type":"ListItem","position":1,"name":"Startseite","item":"http:\/\/socialart-muenchen.de\/"},{"@type":"ListItem","position":2,"name":"Datenschutz"}]},{"@type":"WebSite","@id":"http:\/\/socialart-muenchen.de\/#website","url":"http:\/\/socialart-muenchen.de\/","name":"SocialArt","description":"","publisher":{"@id":"http:\/\/socialart-muenchen.de\/#organization"},"potentialAction":[{"@type":"SearchAction","target":{"@type":"EntryPoint","urlTemplate":"http:\/\/socialart-muenchen.de\/?s={search_term_string}"},"query-input":{"@type":"PropertyValueSpecification","valueRequired":true,"valueName":"search_term_string"}}],"inLanguage":"de"},{"@type":"Organization","@id":"http:\/\/socialart-muenchen.de\/#organization","name":"SocialArt","url":"http:\/\/socialart-muenchen.de\/","logo":{"@type":"ImageObject","inLanguage":"de","@id":"http:\/\/socialart-muenchen.de\/#\/schema\/logo\/image\/","url":"https:\/\/socialart-muenchen.de\/wp-content\/uploads\/2024\/05\/logo-2.png","contentUrl":"https:\/\/socialart-muenchen.de\/wp-content\/uploads\/2024\/05\/logo-2.png","width":687,"height":245,"caption":"SocialArt"},"image":{"@id":"http:\/\/socialart-muenchen.de\/#\/schema\/logo\/image\/"}}]}},"_links":{"self":[{"href":"https:\/\/socialart-muenchen.de\/index.php\/wp-json\/wp\/v2\/pages\/98","targetHints":{"allow":["GET"]}}],"collection":[{"href":"https:\/\/socialart-muenchen.de\/index.php\/wp-json\/wp\/v2\/pages"}],"about":[{"href":"https:\/\/socialart-muenchen.de\/index.php\/wp-json\/wp\/v2\/types\/page"}],"author":[{"embeddable":true,"href":"https:\/\/socialart-muenchen.de\/index.php\/wp-json\/wp\/v2\/users\/2"}],"replies":[{"embeddable":true,"href":"https:\/\/socialart-muenchen.de\/index.php\/wp-json\/wp\/v2\/comments?post=98"}],"version-history":[{"count":1,"href":"https:\/\/socialart-muenchen.de\/index.php\/wp-json\/wp\/v2\/pages\/98\/revisions"}],"predecessor-version":[{"id":103,"href":"https:\/\/socialart-muenchen.de\/index.php\/wp-json\/wp\/v2\/pages\/98\/revisions\/103"}],"wp:attachment":[{"href":"https:\/\/socialart-muenchen.de\/index.php\/wp-json\/wp\/v2\/media?parent=98"}],"curies":[{"name":"wp","href":"https:\/\/api.w.org\/{rel}","templated":true}]}}