{"id":7,"date":"2024-04-03T12:02:13","date_gmt":"2024-04-03T10:02:13","guid":{"rendered":"https:\/\/dev.socialart-muenchen.de\/?page_id=7"},"modified":"2024-06-23T18:04:07","modified_gmt":"2024-06-23T16:04:07","slug":"impressum","status":"publish","type":"page","link":"https:\/\/socialart-muenchen.de\/index.php\/impressum\/","title":{"rendered":"Impressum"},"content":{"rendered":"\n<h2 class=\"wp-block-heading\">Angaben gem\u00e4\u00df \u00a75 TMG<\/h2>\n\n\n\n<p>SocialArt M\u00fcnchen<br>Brunnenstra\u00dfe 20<br>82541 Holzhausen<\/p>\n\n\n\n<p>Vertreten durch: Petra Bauer-Wolfram<br>Kontakt: socialartmuc (at) web (dot) de<\/p>\n\n\n\n<h2 class=\"wp-block-heading\">Haftungsausschluss<\/h2>\n\n\n\n<h3 class=\"wp-block-heading\">Haftung f\u00fcr Inhalte<\/h3>\n\n\n\n<p>Die Inhalte unserer Webseite wurden mit gr\u00f6\u00dfter Sorgfalt und nach bestem Gewissen erstellt. F\u00fcr die Richtigkeit, Vollst\u00e4ndigkeit und Aktualit\u00e4t dieser Inhalte \u00fcbernehmen wir jedoch keine Gew\u00e4hr. Gem\u00e4\u00df \u00a7 7 Abs. 1 TMG sind wir als Diensteanbieter f\u00fcr eigene Inhalte auf unseren Seiten nach den allgemeinen Gesetzen verantwortlich. Nach \u00a7\u00a7 8 bis 10 TMG sind wir jedoch nicht verpflichtet, \u00fcbermittelte oder gespeicherte fremde Informationen zu \u00fcberwachen oder nach Umst\u00e4nden zu forschen, die auf eine rechtswidrige T\u00e4tigkeit hinweisen. Eine Haftung in diesem Zusammenhang ist jedoch erst ab dem Zeitpunkt der Kenntnis einer konkreten Rechtsverletzung m\u00f6glich. Bei Kenntnis von entsprechenden Rechtsverletzungen werden wir diese Inhalte umgehend entfernen.<\/p>\n\n\n\n<h3 class=\"wp-block-heading\">Haftung f\u00fcr Links<\/h3>\n\n\n\n<p>Unser Angebot enth\u00e4lt Links zu externen Websites Dritter, auf deren Inhalte wir keinen Einfluss haben. Deshalb k\u00f6nnen wir f\u00fcr diese fremden Inhalte auch keine Gew\u00e4hr \u00fcbernehmen. F\u00fcr die Inhalte der verlinkten Seiten ist stets der jeweilige Anbieter oder Betreiber der Seiten verantwortlich. Die verlinkten Seiten wurden zum Zeitpunkt der Verlinkung auf m\u00f6gliche Rechtsverst\u00f6\u00dfe \u00fcberpr\u00fcft, rechtswidrige Inhalte waren jedoch nicht erkennbar. Eine permanente inhaltliche Kontrolle der verlinkten Seiten ohne konkrete Anhaltspunkte einer Rechtsverletzung ist nicht zumutbar. Bei Kenntnis von Rechtsverletzungen werden wir derartige Links umgehend entfernen.<\/p>\n\n\n\n<h3 class=\"wp-block-heading\">Urheberrecht<\/h3>\n\n\n\n<p>Die durch uns erstellten Inhalte und Werke auf diesen Seiten unterliegen dem deutschen Urheberrecht. Die Vervielf\u00e4ltigung, Bearbeitung, Verbreitung und jede Art der Verwertung au\u00dferhalb der Grenzen des Urheberrechts bed\u00fcrfen der schriftlichen Zustimmung des jeweiligen Autors bzw. Erstellers. Downloads und Kopien dieser Seite sind nur f\u00fcr den privaten, nicht kommerziellen Gebrauch gestattet. Soweit die Inhalte auf dieser Seite nicht vom Betreiber erstellt wurden, werden die Urheberrechte Dritter beachtet und als solche gekennzeichnet. Sollten Sie auf eine Urheberrechtsverletzung aufmerksam werden, bitten wir um einen entsprechenden Hinweis. Bei Bekanntwerden von Rechtsverletzungen werden wir derartige Inhalte umgehend entfernen.<\/p>\n","protected":false},"excerpt":{"rendered":"<p>Angaben gem\u00e4\u00df \u00a75 TMG SocialArt M\u00fcnchenBrunnenstra\u00dfe 2082541 Holzhausen Vertreten durch: Petra Bauer-WolframKontakt: socialartmuc (at) web (dot) de Haftungsausschluss Haftung f\u00fcr Inhalte Die Inhalte unserer Webseite wurden mit gr\u00f6\u00dfter Sorgfalt und [&hellip;]<\/p>\n","protected":false},"author":2,"featured_media":0,"parent":0,"menu_order":0,"comment_status":"closed","ping_status":"closed","template":"","meta":{"pgc_sgb_lightbox_settings":"","_EventAllDay":false,"_EventTimezone":"","_EventStartDate":"","_EventEndDate":"","_EventStartDateUTC":"","_EventEndDateUTC":"","_EventShowMap":false,"_EventShowMapLink":false,"_EventURL":"","_EventCost":"","_EventCostDescription":"","_EventCurrencySymbol":"","_EventCurrencyCode":"","_EventCurrencyPosition":"","_EventDateTimeSeparator":"","_EventTimeRangeSeparator":"","_EventOrganizerID":[],"_EventVenueID":[],"_OrganizerEmail":"","_OrganizerPhone":"","_OrganizerWebsite":"","_VenueAddress":"","_VenueCity":"","_VenueCountry":"","_VenueProvince":"","_VenueState":"","_VenueZip":"","_VenuePhone":"","_VenueURL":"","_VenueStateProvince":"","_VenueLat":"","_VenueLng":"","_VenueShowMap":false,"_VenueShowMapLink":false,"footnotes":""},"class_list":["post-7","page","type-page","status-publish","hentry"],"yoast_head":"<!-- This site is optimized with the Yoast SEO plugin v27.4 - https:\/\/yoast.com\/product\/yoast-seo-wordpress\/ -->\n<title>SocialArt | Impressum<\/title>\n<meta name=\"robots\" content=\"index, follow, max-snippet:-1, max-image-preview:large, max-video-preview:-1\" \/>\n<link rel=\"canonical\" href=\"https:\/\/socialart-muenchen.de\/index.php\/impressum\/\" \/>\n<meta property=\"og:locale\" content=\"de_DE\" \/>\n<meta property=\"og:type\" content=\"article\" \/>\n<meta property=\"og:title\" content=\"SocialArt | Impressum\" \/>\n<meta property=\"og:description\" content=\"Angaben gem\u00e4\u00df \u00a75 TMG SocialArt M\u00fcnchenBrunnenstra\u00dfe 2082541 Holzhausen Vertreten durch: Petra Bauer-WolframKontakt: socialartmuc (at) web (dot) de Haftungsausschluss Haftung f\u00fcr Inhalte Die Inhalte unserer Webseite wurden mit gr\u00f6\u00dfter Sorgfalt und [&hellip;]\" \/>\n<meta property=\"og:url\" content=\"https:\/\/socialart-muenchen.de\/index.php\/impressum\/\" \/>\n<meta property=\"og:site_name\" content=\"SocialArt\" \/>\n<meta property=\"article:modified_time\" content=\"2024-06-23T16:04:07+00:00\" \/>\n<meta name=\"twitter:card\" content=\"summary_large_image\" \/>\n<meta name=\"twitter:label1\" content=\"Gesch\u00e4tzte Lesezeit\" \/>\n\t<meta name=\"twitter:data1\" content=\"2\u00a0Minuten\" \/>\n<script type=\"application\/ld+json\" class=\"yoast-schema-graph\">{\"@context\":\"https:\\\/\\\/schema.org\",\"@graph\":[{\"@type\":\"WebPage\",\"@id\":\"https:\\\/\\\/socialart-muenchen.de\\\/index.php\\\/impressum\\\/\",\"url\":\"https:\\\/\\\/socialart-muenchen.de\\\/index.php\\\/impressum\\\/\",\"name\":\"SocialArt | Impressum\",\"isPartOf\":{\"@id\":\"http:\\\/\\\/socialart-muenchen.de\\\/#website\"},\"datePublished\":\"2024-04-03T10:02:13+00:00\",\"dateModified\":\"2024-06-23T16:04:07+00:00\",\"breadcrumb\":{\"@id\":\"https:\\\/\\\/socialart-muenchen.de\\\/index.php\\\/impressum\\\/#breadcrumb\"},\"inLanguage\":\"de\",\"potentialAction\":[{\"@type\":\"ReadAction\",\"target\":[\"https:\\\/\\\/socialart-muenchen.de\\\/index.php\\\/impressum\\\/\"]}]},{\"@type\":\"BreadcrumbList\",\"@id\":\"https:\\\/\\\/socialart-muenchen.de\\\/index.php\\\/impressum\\\/#breadcrumb\",\"itemListElement\":[{\"@type\":\"ListItem\",\"position\":1,\"name\":\"Startseite\",\"item\":\"http:\\\/\\\/socialart-muenchen.de\\\/\"},{\"@type\":\"ListItem\",\"position\":2,\"name\":\"Impressum\"}]},{\"@type\":\"WebSite\",\"@id\":\"http:\\\/\\\/socialart-muenchen.de\\\/#website\",\"url\":\"http:\\\/\\\/socialart-muenchen.de\\\/\",\"name\":\"SocialArt\",\"description\":\"\",\"publisher\":{\"@id\":\"http:\\\/\\\/socialart-muenchen.de\\\/#organization\"},\"potentialAction\":[{\"@type\":\"SearchAction\",\"target\":{\"@type\":\"EntryPoint\",\"urlTemplate\":\"http:\\\/\\\/socialart-muenchen.de\\\/?s={search_term_string}\"},\"query-input\":{\"@type\":\"PropertyValueSpecification\",\"valueRequired\":true,\"valueName\":\"search_term_string\"}}],\"inLanguage\":\"de\"},{\"@type\":\"Organization\",\"@id\":\"http:\\\/\\\/socialart-muenchen.de\\\/#organization\",\"name\":\"SocialArt\",\"url\":\"http:\\\/\\\/socialart-muenchen.de\\\/\",\"logo\":{\"@type\":\"ImageObject\",\"inLanguage\":\"de\",\"@id\":\"http:\\\/\\\/socialart-muenchen.de\\\/#\\\/schema\\\/logo\\\/image\\\/\",\"url\":\"https:\\\/\\\/socialart-muenchen.de\\\/wp-content\\\/uploads\\\/2024\\\/05\\\/logo-2.png\",\"contentUrl\":\"https:\\\/\\\/socialart-muenchen.de\\\/wp-content\\\/uploads\\\/2024\\\/05\\\/logo-2.png\",\"width\":687,\"height\":245,\"caption\":\"SocialArt\"},\"image\":{\"@id\":\"http:\\\/\\\/socialart-muenchen.de\\\/#\\\/schema\\\/logo\\\/image\\\/\"}}]}<\/script>\n<!-- \/ Yoast SEO plugin. -->","yoast_head_json":{"title":"SocialArt | Impressum","robots":{"index":"index","follow":"follow","max-snippet":"max-snippet:-1","max-image-preview":"max-image-preview:large","max-video-preview":"max-video-preview:-1"},"canonical":"https:\/\/socialart-muenchen.de\/index.php\/impressum\/","og_locale":"de_DE","og_type":"article","og_title":"SocialArt | Impressum","og_description":"Angaben gem\u00e4\u00df \u00a75 TMG SocialArt M\u00fcnchenBrunnenstra\u00dfe 2082541 Holzhausen Vertreten durch: Petra Bauer-WolframKontakt: socialartmuc (at) web (dot) de Haftungsausschluss Haftung f\u00fcr Inhalte Die Inhalte unserer Webseite wurden mit gr\u00f6\u00dfter Sorgfalt und [&hellip;]","og_url":"https:\/\/socialart-muenchen.de\/index.php\/impressum\/","og_site_name":"SocialArt","article_modified_time":"2024-06-23T16:04:07+00:00","twitter_card":"summary_large_image","twitter_misc":{"Gesch\u00e4tzte Lesezeit":"2\u00a0Minuten"},"schema":{"@context":"https:\/\/schema.org","@graph":[{"@type":"WebPage","@id":"https:\/\/socialart-muenchen.de\/index.php\/impressum\/","url":"https:\/\/socialart-muenchen.de\/index.php\/impressum\/","name":"SocialArt | Impressum","isPartOf":{"@id":"http:\/\/socialart-muenchen.de\/#website"},"datePublished":"2024-04-03T10:02:13+00:00","dateModified":"2024-06-23T16:04:07+00:00","breadcrumb":{"@id":"https:\/\/socialart-muenchen.de\/index.php\/impressum\/#breadcrumb"},"inLanguage":"de","potentialAction":[{"@type":"ReadAction","target":["https:\/\/socialart-muenchen.de\/index.php\/impressum\/"]}]},{"@type":"BreadcrumbList","@id":"https:\/\/socialart-muenchen.de\/index.php\/impressum\/#breadcrumb","itemListElement":[{"@type":"ListItem","position":1,"name":"Startseite","item":"http:\/\/socialart-muenchen.de\/"},{"@type":"ListItem","position":2,"name":"Impressum"}]},{"@type":"WebSite","@id":"http:\/\/socialart-muenchen.de\/#website","url":"http:\/\/socialart-muenchen.de\/","name":"SocialArt","description":"","publisher":{"@id":"http:\/\/socialart-muenchen.de\/#organization"},"potentialAction":[{"@type":"SearchAction","target":{"@type":"EntryPoint","urlTemplate":"http:\/\/socialart-muenchen.de\/?s={search_term_string}"},"query-input":{"@type":"PropertyValueSpecification","valueRequired":true,"valueName":"search_term_string"}}],"inLanguage":"de"},{"@type":"Organization","@id":"http:\/\/socialart-muenchen.de\/#organization","name":"SocialArt","url":"http:\/\/socialart-muenchen.de\/","logo":{"@type":"ImageObject","inLanguage":"de","@id":"http:\/\/socialart-muenchen.de\/#\/schema\/logo\/image\/","url":"https:\/\/socialart-muenchen.de\/wp-content\/uploads\/2024\/05\/logo-2.png","contentUrl":"https:\/\/socialart-muenchen.de\/wp-content\/uploads\/2024\/05\/logo-2.png","width":687,"height":245,"caption":"SocialArt"},"image":{"@id":"http:\/\/socialart-muenchen.de\/#\/schema\/logo\/image\/"}}]}},"_links":{"self":[{"href":"https:\/\/socialart-muenchen.de\/index.php\/wp-json\/wp\/v2\/pages\/7","targetHints":{"allow":["GET"]}}],"collection":[{"href":"https:\/\/socialart-muenchen.de\/index.php\/wp-json\/wp\/v2\/pages"}],"about":[{"href":"https:\/\/socialart-muenchen.de\/index.php\/wp-json\/wp\/v2\/types\/page"}],"author":[{"embeddable":true,"href":"https:\/\/socialart-muenchen.de\/index.php\/wp-json\/wp\/v2\/users\/2"}],"replies":[{"embeddable":true,"href":"https:\/\/socialart-muenchen.de\/index.php\/wp-json\/wp\/v2\/comments?post=7"}],"version-history":[{"count":3,"href":"https:\/\/socialart-muenchen.de\/index.php\/wp-json\/wp\/v2\/pages\/7\/revisions"}],"predecessor-version":[{"id":331,"href":"https:\/\/socialart-muenchen.de\/index.php\/wp-json\/wp\/v2\/pages\/7\/revisions\/331"}],"wp:attachment":[{"href":"https:\/\/socialart-muenchen.de\/index.php\/wp-json\/wp\/v2\/media?parent=7"}],"curies":[{"name":"wp","href":"https:\/\/api.w.org\/{rel}","templated":true}]}}