{"id":42,"date":"2024-04-03T13:56:57","date_gmt":"2024-04-03T11:56:57","guid":{"rendered":"https:\/\/dev.socialart-muenchen.de\/?page_id=42"},"modified":"2024-07-03T12:57:52","modified_gmt":"2024-07-03T10:57:52","slug":"ehemalige","status":"publish","type":"page","link":"https:\/\/socialart-muenchen.de\/index.php\/ehemalige\/","title":{"rendered":"Ehemalige"},"content":{"rendered":"\n<h4 class=\"wp-block-heading\">Die ehemaligen Mitglieder von SocialArt M\u00fcnchen<\/h4>\n\n\n\n<p>Auf dieser Seite zollen wir den ehemaligen K\u00fcnstlerinnen von SocialArt unseren Respekt. Sie pr\u00e4gten mit ihrer Vision und ihrem Talent die Geschichte unseres Kollektivs. Jede von ihnen hinterlie\u00df einen einzigartigen Abdruck, der die Entwicklung von SocialArt M\u00fcnchen mitgestaltet und beeinflusst hat.<\/p>\n\n\n\n<div class=\"wp-block-group alignfull has-global-padding is-layout-constrained wp-container-core-group-is-layout-669513ed wp-block-group-is-layout-constrained\" style=\"margin-top:0;margin-bottom:0;padding-top:var(--wp--preset--spacing--50);padding-right:var(--wp--preset--spacing--50);padding-bottom:var(--wp--preset--spacing--50);padding-left:var(--wp--preset--spacing--50)\">\n<div class=\"wp-block-columns alignwide is-layout-flex wp-container-core-columns-is-layout-4935966c wp-block-columns-is-layout-flex\" style=\"padding-right:0;padding-left:0\">\n<div class=\"wp-block-column is-layout-flow wp-block-column-is-layout-flow\">\n<figure class=\"wp-block-image size-full is-style-rounded is-style-rounded--1\"><a href=\"https:\/\/socialart-muenchen.de\/index.php\/artist\/gabriele-fichtl\/\"><img loading=\"lazy\" decoding=\"async\" width=\"600\" height=\"600\" src=\"http:\/\/dev.socialart-muenchen.de\/wp-content\/uploads\/2024\/06\/gabriele-fichtl_socialart-ehemalige_portrait.webp\" alt=\"\" class=\"wp-image-338\" style=\"aspect-ratio:1;object-fit:cover\" srcset=\"https:\/\/socialart-muenchen.de\/wp-content\/uploads\/2024\/06\/gabriele-fichtl_socialart-ehemalige_portrait.webp 600w, https:\/\/socialart-muenchen.de\/wp-content\/uploads\/2024\/06\/gabriele-fichtl_socialart-ehemalige_portrait-300x300.webp 300w, https:\/\/socialart-muenchen.de\/wp-content\/uploads\/2024\/06\/gabriele-fichtl_socialart-ehemalige_portrait-150x150.webp 150w\" sizes=\"auto, (max-width: 600px) 100vw, 600px\" \/><\/a><\/figure>\n\n\n\n<div class=\"wp-block-group is-vertical is-content-justification-center is-nowrap is-layout-flex wp-container-core-group-is-layout-21d4e958 wp-block-group-is-layout-flex\">\n<p class=\"has-text-align-center has-small-font-size\"><a href=\"https:\/\/socialart-muenchen.de\/index.php\/artist\/gabriele-fichtl\/\"><strong>Gabriele Fichtl<\/strong> \u2020<\/a><\/p>\n\n\n\n<p class=\"has-text-align-center has-small-font-size\">Skulptur, Installation<\/p>\n<\/div>\n<\/div>\n\n\n\n<div class=\"wp-block-column is-layout-flow wp-block-column-is-layout-flow\">\n<figure class=\"wp-block-image size-full is-style-rounded is-style-rounded--2\"><a href=\"https:\/\/socialart-muenchen.de\/index.php\/artist\/gertrud-kaiser\/\"><img loading=\"lazy\" decoding=\"async\" width=\"600\" height=\"600\" src=\"http:\/\/dev.socialart-muenchen.de\/wp-content\/uploads\/2024\/06\/getrud-kaiser_socialart-ehemalige_portrait.webp\" alt=\"\" class=\"wp-image-339\" style=\"aspect-ratio:1;object-fit:cover\" srcset=\"https:\/\/socialart-muenchen.de\/wp-content\/uploads\/2024\/06\/getrud-kaiser_socialart-ehemalige_portrait.webp 600w, https:\/\/socialart-muenchen.de\/wp-content\/uploads\/2024\/06\/getrud-kaiser_socialart-ehemalige_portrait-300x300.webp 300w, https:\/\/socialart-muenchen.de\/wp-content\/uploads\/2024\/06\/getrud-kaiser_socialart-ehemalige_portrait-150x150.webp 150w\" sizes=\"auto, (max-width: 600px) 100vw, 600px\" \/><\/a><\/figure>\n\n\n\n<div class=\"wp-block-group is-vertical is-content-justification-center is-nowrap is-layout-flex wp-container-core-group-is-layout-63bfd6c1 wp-block-group-is-layout-flex\">\n<p class=\"has-text-align-center has-small-font-size\"><strong><a href=\"https:\/\/socialart-muenchen.de\/index.php\/artist\/gertrud-kaiser\/\">Gertrud Kaiser<\/a><\/strong><\/p>\n\n\n\n<p class=\"has-text-align-center has-small-font-size\">Malerei, Radierung<\/p>\n<\/div>\n<\/div>\n\n\n\n<div class=\"wp-block-column is-layout-flow wp-block-column-is-layout-flow\">\n<figure class=\"wp-block-image size-full is-style-rounded is-style-rounded--3\"><img loading=\"lazy\" decoding=\"async\" width=\"600\" height=\"600\" src=\"http:\/\/dev.socialart-muenchen.de\/wp-content\/uploads\/2024\/06\/elke-voigt_socialart-ehemalige_portrait.webp\" alt=\"\" class=\"wp-image-337\" style=\"aspect-ratio:1;object-fit:cover\" srcset=\"https:\/\/socialart-muenchen.de\/wp-content\/uploads\/2024\/06\/elke-voigt_socialart-ehemalige_portrait.webp 600w, https:\/\/socialart-muenchen.de\/wp-content\/uploads\/2024\/06\/elke-voigt_socialart-ehemalige_portrait-300x300.webp 300w, https:\/\/socialart-muenchen.de\/wp-content\/uploads\/2024\/06\/elke-voigt_socialart-ehemalige_portrait-150x150.webp 150w\" sizes=\"auto, (max-width: 600px) 100vw, 600px\" \/><\/figure>\n\n\n\n<div class=\"wp-block-group is-vertical is-content-justification-center is-nowrap is-layout-flex wp-container-core-group-is-layout-63bfd6c1 wp-block-group-is-layout-flex\">\n<p class=\"has-text-align-center has-small-font-size\"><strong>Elke Voigt<\/strong><\/p>\n\n\n\n<p class=\"has-text-align-center has-small-font-size\">Malerei, Illustration, Schriftstellerei<\/p>\n<\/div>\n<\/div>\n<\/div>\n<\/div>\n","protected":false},"excerpt":{"rendered":"<p>Die ehemaligen Mitglieder von SocialArt M\u00fcnchen Auf dieser Seite zollen wir den ehemaligen K\u00fcnstlerinnen von SocialArt unseren Respekt. Sie pr\u00e4gten mit ihrer Vision und ihrem Talent die Geschichte unseres Kollektivs. [&hellip;]<\/p>\n","protected":false},"author":2,"featured_media":0,"parent":0,"menu_order":0,"comment_status":"closed","ping_status":"closed","template":"","meta":{"pgc_sgb_lightbox_settings":"","_EventAllDay":false,"_EventTimezone":"","_EventStartDate":"","_EventEndDate":"","_EventStartDateUTC":"","_EventEndDateUTC":"","_EventShowMap":false,"_EventShowMapLink":false,"_EventURL":"","_EventCost":"","_EventCostDescription":"","_EventCurrencySymbol":"","_EventCurrencyCode":"","_EventCurrencyPosition":"","_EventDateTimeSeparator":"","_EventTimeRangeSeparator":"","_EventOrganizerID":[],"_EventVenueID":[],"_OrganizerEmail":"","_OrganizerPhone":"","_OrganizerWebsite":"","_VenueAddress":"","_VenueCity":"","_VenueCountry":"","_VenueProvince":"","_VenueState":"","_VenueZip":"","_VenuePhone":"","_VenueURL":"","_VenueStateProvince":"","_VenueLat":"","_VenueLng":"","_VenueShowMap":false,"_VenueShowMapLink":false,"footnotes":""},"class_list":["post-42","page","type-page","status-publish","hentry"],"yoast_head":"<!-- This site is optimized with the Yoast SEO plugin v27.4 - https:\/\/yoast.com\/product\/yoast-seo-wordpress\/ -->\n<title>SocialArt | Ehemalige<\/title>\n<meta name=\"robots\" content=\"index, follow, max-snippet:-1, max-image-preview:large, max-video-preview:-1\" \/>\n<link rel=\"canonical\" href=\"https:\/\/socialart-muenchen.de\/index.php\/ehemalige\/\" \/>\n<meta property=\"og:locale\" content=\"de_DE\" \/>\n<meta property=\"og:type\" content=\"article\" \/>\n<meta property=\"og:title\" content=\"SocialArt | Ehemalige\" \/>\n<meta property=\"og:description\" content=\"Die ehemaligen Mitglieder von SocialArt M\u00fcnchen Auf dieser Seite zollen wir den ehemaligen K\u00fcnstlerinnen von SocialArt unseren Respekt. Sie pr\u00e4gten mit ihrer Vision und ihrem Talent die Geschichte unseres Kollektivs. [&hellip;]\" \/>\n<meta property=\"og:url\" content=\"https:\/\/socialart-muenchen.de\/index.php\/ehemalige\/\" \/>\n<meta property=\"og:site_name\" content=\"SocialArt\" \/>\n<meta property=\"article:modified_time\" content=\"2024-07-03T10:57:52+00:00\" \/>\n<meta property=\"og:image\" content=\"http:\/\/dev.socialart-muenchen.de\/wp-content\/uploads\/2024\/06\/gabriele-fichtl_socialart-ehemalige_portrait.webp\" \/>\n<meta name=\"twitter:card\" content=\"summary_large_image\" \/>\n<meta name=\"twitter:label1\" content=\"Gesch\u00e4tzte Lesezeit\" \/>\n\t<meta name=\"twitter:data1\" content=\"1\u00a0Minute\" \/>\n<script type=\"application\/ld+json\" class=\"yoast-schema-graph\">{\"@context\":\"https:\\\/\\\/schema.org\",\"@graph\":[{\"@type\":\"WebPage\",\"@id\":\"https:\\\/\\\/socialart-muenchen.de\\\/index.php\\\/ehemalige\\\/\",\"url\":\"https:\\\/\\\/socialart-muenchen.de\\\/index.php\\\/ehemalige\\\/\",\"name\":\"SocialArt | Ehemalige\",\"isPartOf\":{\"@id\":\"http:\\\/\\\/socialart-muenchen.de\\\/#website\"},\"primaryImageOfPage\":{\"@id\":\"https:\\\/\\\/socialart-muenchen.de\\\/index.php\\\/ehemalige\\\/#primaryimage\"},\"image\":{\"@id\":\"https:\\\/\\\/socialart-muenchen.de\\\/index.php\\\/ehemalige\\\/#primaryimage\"},\"thumbnailUrl\":\"http:\\\/\\\/dev.socialart-muenchen.de\\\/wp-content\\\/uploads\\\/2024\\\/06\\\/gabriele-fichtl_socialart-ehemalige_portrait.webp\",\"datePublished\":\"2024-04-03T11:56:57+00:00\",\"dateModified\":\"2024-07-03T10:57:52+00:00\",\"breadcrumb\":{\"@id\":\"https:\\\/\\\/socialart-muenchen.de\\\/index.php\\\/ehemalige\\\/#breadcrumb\"},\"inLanguage\":\"de\",\"potentialAction\":[{\"@type\":\"ReadAction\",\"target\":[\"https:\\\/\\\/socialart-muenchen.de\\\/index.php\\\/ehemalige\\\/\"]}]},{\"@type\":\"ImageObject\",\"inLanguage\":\"de\",\"@id\":\"https:\\\/\\\/socialart-muenchen.de\\\/index.php\\\/ehemalige\\\/#primaryimage\",\"url\":\"http:\\\/\\\/dev.socialart-muenchen.de\\\/wp-content\\\/uploads\\\/2024\\\/06\\\/gabriele-fichtl_socialart-ehemalige_portrait.webp\",\"contentUrl\":\"http:\\\/\\\/dev.socialart-muenchen.de\\\/wp-content\\\/uploads\\\/2024\\\/06\\\/gabriele-fichtl_socialart-ehemalige_portrait.webp\"},{\"@type\":\"BreadcrumbList\",\"@id\":\"https:\\\/\\\/socialart-muenchen.de\\\/index.php\\\/ehemalige\\\/#breadcrumb\",\"itemListElement\":[{\"@type\":\"ListItem\",\"position\":1,\"name\":\"Startseite\",\"item\":\"http:\\\/\\\/socialart-muenchen.de\\\/\"},{\"@type\":\"ListItem\",\"position\":2,\"name\":\"Ehemalige\"}]},{\"@type\":\"WebSite\",\"@id\":\"http:\\\/\\\/socialart-muenchen.de\\\/#website\",\"url\":\"http:\\\/\\\/socialart-muenchen.de\\\/\",\"name\":\"SocialArt\",\"description\":\"\",\"publisher\":{\"@id\":\"http:\\\/\\\/socialart-muenchen.de\\\/#organization\"},\"potentialAction\":[{\"@type\":\"SearchAction\",\"target\":{\"@type\":\"EntryPoint\",\"urlTemplate\":\"http:\\\/\\\/socialart-muenchen.de\\\/?s={search_term_string}\"},\"query-input\":{\"@type\":\"PropertyValueSpecification\",\"valueRequired\":true,\"valueName\":\"search_term_string\"}}],\"inLanguage\":\"de\"},{\"@type\":\"Organization\",\"@id\":\"http:\\\/\\\/socialart-muenchen.de\\\/#organization\",\"name\":\"SocialArt\",\"url\":\"http:\\\/\\\/socialart-muenchen.de\\\/\",\"logo\":{\"@type\":\"ImageObject\",\"inLanguage\":\"de\",\"@id\":\"http:\\\/\\\/socialart-muenchen.de\\\/#\\\/schema\\\/logo\\\/image\\\/\",\"url\":\"https:\\\/\\\/socialart-muenchen.de\\\/wp-content\\\/uploads\\\/2024\\\/05\\\/logo-2.png\",\"contentUrl\":\"https:\\\/\\\/socialart-muenchen.de\\\/wp-content\\\/uploads\\\/2024\\\/05\\\/logo-2.png\",\"width\":687,\"height\":245,\"caption\":\"SocialArt\"},\"image\":{\"@id\":\"http:\\\/\\\/socialart-muenchen.de\\\/#\\\/schema\\\/logo\\\/image\\\/\"}}]}<\/script>\n<!-- \/ Yoast SEO plugin. -->","yoast_head_json":{"title":"SocialArt | Ehemalige","robots":{"index":"index","follow":"follow","max-snippet":"max-snippet:-1","max-image-preview":"max-image-preview:large","max-video-preview":"max-video-preview:-1"},"canonical":"https:\/\/socialart-muenchen.de\/index.php\/ehemalige\/","og_locale":"de_DE","og_type":"article","og_title":"SocialArt | Ehemalige","og_description":"Die ehemaligen Mitglieder von SocialArt M\u00fcnchen Auf dieser Seite zollen wir den ehemaligen K\u00fcnstlerinnen von SocialArt unseren Respekt. Sie pr\u00e4gten mit ihrer Vision und ihrem Talent die Geschichte unseres Kollektivs. [&hellip;]","og_url":"https:\/\/socialart-muenchen.de\/index.php\/ehemalige\/","og_site_name":"SocialArt","article_modified_time":"2024-07-03T10:57:52+00:00","og_image":[{"url":"http:\/\/dev.socialart-muenchen.de\/wp-content\/uploads\/2024\/06\/gabriele-fichtl_socialart-ehemalige_portrait.webp","type":"","width":"","height":""}],"twitter_card":"summary_large_image","twitter_misc":{"Gesch\u00e4tzte Lesezeit":"1\u00a0Minute"},"schema":{"@context":"https:\/\/schema.org","@graph":[{"@type":"WebPage","@id":"https:\/\/socialart-muenchen.de\/index.php\/ehemalige\/","url":"https:\/\/socialart-muenchen.de\/index.php\/ehemalige\/","name":"SocialArt | Ehemalige","isPartOf":{"@id":"http:\/\/socialart-muenchen.de\/#website"},"primaryImageOfPage":{"@id":"https:\/\/socialart-muenchen.de\/index.php\/ehemalige\/#primaryimage"},"image":{"@id":"https:\/\/socialart-muenchen.de\/index.php\/ehemalige\/#primaryimage"},"thumbnailUrl":"http:\/\/dev.socialart-muenchen.de\/wp-content\/uploads\/2024\/06\/gabriele-fichtl_socialart-ehemalige_portrait.webp","datePublished":"2024-04-03T11:56:57+00:00","dateModified":"2024-07-03T10:57:52+00:00","breadcrumb":{"@id":"https:\/\/socialart-muenchen.de\/index.php\/ehemalige\/#breadcrumb"},"inLanguage":"de","potentialAction":[{"@type":"ReadAction","target":["https:\/\/socialart-muenchen.de\/index.php\/ehemalige\/"]}]},{"@type":"ImageObject","inLanguage":"de","@id":"https:\/\/socialart-muenchen.de\/index.php\/ehemalige\/#primaryimage","url":"http:\/\/dev.socialart-muenchen.de\/wp-content\/uploads\/2024\/06\/gabriele-fichtl_socialart-ehemalige_portrait.webp","contentUrl":"http:\/\/dev.socialart-muenchen.de\/wp-content\/uploads\/2024\/06\/gabriele-fichtl_socialart-ehemalige_portrait.webp"},{"@type":"BreadcrumbList","@id":"https:\/\/socialart-muenchen.de\/index.php\/ehemalige\/#breadcrumb","itemListElement":[{"@type":"ListItem","position":1,"name":"Startseite","item":"http:\/\/socialart-muenchen.de\/"},{"@type":"ListItem","position":2,"name":"Ehemalige"}]},{"@type":"WebSite","@id":"http:\/\/socialart-muenchen.de\/#website","url":"http:\/\/socialart-muenchen.de\/","name":"SocialArt","description":"","publisher":{"@id":"http:\/\/socialart-muenchen.de\/#organization"},"potentialAction":[{"@type":"SearchAction","target":{"@type":"EntryPoint","urlTemplate":"http:\/\/socialart-muenchen.de\/?s={search_term_string}"},"query-input":{"@type":"PropertyValueSpecification","valueRequired":true,"valueName":"search_term_string"}}],"inLanguage":"de"},{"@type":"Organization","@id":"http:\/\/socialart-muenchen.de\/#organization","name":"SocialArt","url":"http:\/\/socialart-muenchen.de\/","logo":{"@type":"ImageObject","inLanguage":"de","@id":"http:\/\/socialart-muenchen.de\/#\/schema\/logo\/image\/","url":"https:\/\/socialart-muenchen.de\/wp-content\/uploads\/2024\/05\/logo-2.png","contentUrl":"https:\/\/socialart-muenchen.de\/wp-content\/uploads\/2024\/05\/logo-2.png","width":687,"height":245,"caption":"SocialArt"},"image":{"@id":"http:\/\/socialart-muenchen.de\/#\/schema\/logo\/image\/"}}]}},"_links":{"self":[{"href":"https:\/\/socialart-muenchen.de\/index.php\/wp-json\/wp\/v2\/pages\/42","targetHints":{"allow":["GET"]}}],"collection":[{"href":"https:\/\/socialart-muenchen.de\/index.php\/wp-json\/wp\/v2\/pages"}],"about":[{"href":"https:\/\/socialart-muenchen.de\/index.php\/wp-json\/wp\/v2\/types\/page"}],"author":[{"embeddable":true,"href":"https:\/\/socialart-muenchen.de\/index.php\/wp-json\/wp\/v2\/users\/2"}],"replies":[{"embeddable":true,"href":"https:\/\/socialart-muenchen.de\/index.php\/wp-json\/wp\/v2\/comments?post=42"}],"version-history":[{"count":8,"href":"https:\/\/socialart-muenchen.de\/index.php\/wp-json\/wp\/v2\/pages\/42\/revisions"}],"predecessor-version":[{"id":452,"href":"https:\/\/socialart-muenchen.de\/index.php\/wp-json\/wp\/v2\/pages\/42\/revisions\/452"}],"wp:attachment":[{"href":"https:\/\/socialart-muenchen.de\/index.php\/wp-json\/wp\/v2\/media?parent=42"}],"curies":[{"name":"wp","href":"https:\/\/api.w.org\/{rel}","templated":true}]}}