{"id":40,"date":"2024-04-03T13:54:58","date_gmt":"2024-04-03T11:54:58","guid":{"rendered":"https:\/\/dev.socialart-muenchen.de\/?page_id=40"},"modified":"2024-07-03T12:53:29","modified_gmt":"2024-07-03T10:53:29","slug":"kuenstlerinnen","status":"publish","type":"page","link":"https:\/\/socialart-muenchen.de\/index.php\/kuenstlerinnen\/","title":{"rendered":"K\u00fcnstlerinnen"},"content":{"rendered":"\n<p>Lernen Sie die K\u00fcnstlerinnen von SocialArt M\u00fcnchen kennen!<\/p>\n\n\n\n<div class=\"wp-block-group alignfull has-global-padding is-layout-constrained wp-container-core-group-is-layout-669513ed wp-block-group-is-layout-constrained\" style=\"margin-top:0;margin-bottom:0;padding-top:var(--wp--preset--spacing--50);padding-right:var(--wp--preset--spacing--50);padding-bottom:var(--wp--preset--spacing--50);padding-left:var(--wp--preset--spacing--50)\">\n<div class=\"wp-block-columns alignwide is-layout-flex wp-container-core-columns-is-layout-4935966c wp-block-columns-is-layout-flex\" style=\"padding-right:0;padding-left:0\">\n<div class=\"wp-block-column is-layout-flow wp-block-column-is-layout-flow\">\n<figure class=\"wp-block-image size-full is-style-rounded is-style-rounded--1\"><a href=\"https:\/\/socialart-muenchen.de\/index.php\/artist\/christa-boehm\/\"><img loading=\"lazy\" decoding=\"async\" width=\"600\" height=\"600\" src=\"http:\/\/dev.socialart-muenchen.de\/wp-content\/uploads\/2024\/06\/christa-boehm_socialart_portrait_scaled.webp\" alt=\"\" class=\"wp-image-365\" style=\"aspect-ratio:1;object-fit:cover\" srcset=\"https:\/\/socialart-muenchen.de\/wp-content\/uploads\/2024\/06\/christa-boehm_socialart_portrait_scaled.webp 600w, https:\/\/socialart-muenchen.de\/wp-content\/uploads\/2024\/06\/christa-boehm_socialart_portrait_scaled-300x300.webp 300w, https:\/\/socialart-muenchen.de\/wp-content\/uploads\/2024\/06\/christa-boehm_socialart_portrait_scaled-150x150.webp 150w\" sizes=\"auto, (max-width: 600px) 100vw, 600px\" \/><\/a><\/figure>\n\n\n\n<div class=\"wp-block-group is-vertical is-content-justification-center is-nowrap is-layout-flex wp-container-core-group-is-layout-21d4e958 wp-block-group-is-layout-flex\">\n<p class=\"has-text-align-center has-small-font-size\"><strong><a href=\"https:\/\/socialart-muenchen.de\/index.php\/artist\/christa-boehm\/\">Christa B\u00f6hm<\/a><\/strong><\/p>\n\n\n\n<p class=\"has-text-align-center has-small-font-size\">Fotografie<\/p>\n<\/div>\n<\/div>\n\n\n\n<div class=\"wp-block-column is-layout-flow wp-block-column-is-layout-flow\">\n<figure class=\"wp-block-image size-full is-style-rounded is-style-rounded--2\"><a href=\"https:\/\/socialart-muenchen.de\/index.php\/artist\/ursula-duch\/\"><img loading=\"lazy\" decoding=\"async\" width=\"600\" height=\"600\" src=\"http:\/\/dev.socialart-muenchen.de\/wp-content\/uploads\/2024\/06\/ursula-duch_socialart_portrait_scaled.webp\" alt=\"\" class=\"wp-image-367\" style=\"aspect-ratio:1;object-fit:cover\" srcset=\"https:\/\/socialart-muenchen.de\/wp-content\/uploads\/2024\/06\/ursula-duch_socialart_portrait_scaled.webp 600w, https:\/\/socialart-muenchen.de\/wp-content\/uploads\/2024\/06\/ursula-duch_socialart_portrait_scaled-300x300.webp 300w, https:\/\/socialart-muenchen.de\/wp-content\/uploads\/2024\/06\/ursula-duch_socialart_portrait_scaled-150x150.webp 150w\" sizes=\"auto, (max-width: 600px) 100vw, 600px\" \/><\/a><\/figure>\n\n\n\n<div class=\"wp-block-group is-vertical is-content-justification-center is-nowrap is-layout-flex wp-container-core-group-is-layout-63bfd6c1 wp-block-group-is-layout-flex\">\n<p class=\"has-text-align-center has-small-font-size\"><strong><a href=\"https:\/\/socialart-muenchen.de\/index.php\/artist\/ursula-duch\/\">Ursula Duch<\/a><\/strong><\/p>\n\n\n\n<p class=\"has-text-align-center has-small-font-size\">Malerei, Holzschnitt<\/p>\n<\/div>\n<\/div>\n\n\n\n<div class=\"wp-block-column is-layout-flow wp-block-column-is-layout-flow\">\n<figure class=\"wp-block-image size-full is-style-rounded is-style-rounded--3\"><a href=\"https:\/\/socialart-muenchen.de\/index.php\/artist\/katharina-cull-hamberger\/\"><img loading=\"lazy\" decoding=\"async\" width=\"600\" height=\"600\" src=\"http:\/\/dev.socialart-muenchen.de\/wp-content\/uploads\/2024\/05\/katharina-cull-hamberger_socialart_portrait.webp\" alt=\"\" class=\"wp-image-270\" style=\"aspect-ratio:1;object-fit:cover\" srcset=\"https:\/\/socialart-muenchen.de\/wp-content\/uploads\/2024\/05\/katharina-cull-hamberger_socialart_portrait.webp 600w, https:\/\/socialart-muenchen.de\/wp-content\/uploads\/2024\/05\/katharina-cull-hamberger_socialart_portrait-300x300.webp 300w, https:\/\/socialart-muenchen.de\/wp-content\/uploads\/2024\/05\/katharina-cull-hamberger_socialart_portrait-150x150.webp 150w\" sizes=\"auto, (max-width: 600px) 100vw, 600px\" \/><\/a><\/figure>\n\n\n\n<div class=\"wp-block-group is-vertical is-content-justification-center is-nowrap is-layout-flex wp-container-core-group-is-layout-63bfd6c1 wp-block-group-is-layout-flex\">\n<p class=\"has-text-align-center has-small-font-size\"><strong><a href=\"https:\/\/socialart-muenchen.de\/index.php\/artist\/katharina-cull-hamberger\/\">Katharina Cull Hamberger<\/a><\/strong><\/p>\n\n\n\n<p class=\"has-text-align-center has-small-font-size\">Keramik, Upcycling, Installation<\/p>\n<\/div>\n<\/div>\n\n\n\n<div class=\"wp-block-column is-layout-flow wp-block-column-is-layout-flow\">\n<figure class=\"wp-block-image size-full is-style-rounded is-style-rounded--4\"><a href=\"https:\/\/socialart-muenchen.de\/index.php\/artist\/maria-stepan-bohn\/\"><img loading=\"lazy\" decoding=\"async\" width=\"600\" height=\"600\" src=\"http:\/\/dev.socialart-muenchen.de\/wp-content\/uploads\/2024\/05\/maria-stepan-bohn_socialart_portrait.webp\" alt=\"\" class=\"wp-image-271\" style=\"aspect-ratio:1;object-fit:cover\" srcset=\"https:\/\/socialart-muenchen.de\/wp-content\/uploads\/2024\/05\/maria-stepan-bohn_socialart_portrait.webp 600w, https:\/\/socialart-muenchen.de\/wp-content\/uploads\/2024\/05\/maria-stepan-bohn_socialart_portrait-300x300.webp 300w, https:\/\/socialart-muenchen.de\/wp-content\/uploads\/2024\/05\/maria-stepan-bohn_socialart_portrait-150x150.webp 150w\" sizes=\"auto, (max-width: 600px) 100vw, 600px\" \/><\/a><\/figure>\n\n\n\n<div class=\"wp-block-group is-vertical is-content-justification-center is-nowrap is-layout-flex wp-container-core-group-is-layout-21d4e958 wp-block-group-is-layout-flex\">\n<p class=\"has-text-align-center has-small-font-size\"><strong><a href=\"https:\/\/socialart-muenchen.de\/index.php\/artist\/maria-stepan-bohn\/\">Maria Stepan-Bohn<\/a><\/strong><\/p>\n\n\n\n<p class=\"has-text-align-center has-small-font-size\">Malerei, Drucktechnik<\/p>\n<\/div>\n<\/div>\n<\/div>\n\n\n\n<div class=\"wp-block-columns alignwide is-layout-flex wp-container-core-columns-is-layout-4935966c wp-block-columns-is-layout-flex\" style=\"padding-right:0;padding-left:0\">\n<div class=\"wp-block-column is-layout-flow wp-block-column-is-layout-flow\">\n<figure class=\"wp-block-image size-full is-style-rounded is-style-rounded--5\"><a href=\"https:\/\/socialart-muenchen.de\/index.php\/artist\/irmgard-haas\/\"><img loading=\"lazy\" decoding=\"async\" width=\"600\" height=\"600\" src=\"http:\/\/dev.socialart-muenchen.de\/wp-content\/uploads\/2024\/05\/irmgard-haas_socialart_portrait.webp\" alt=\"\" class=\"wp-image-269\" style=\"aspect-ratio:1;object-fit:cover\" srcset=\"https:\/\/socialart-muenchen.de\/wp-content\/uploads\/2024\/05\/irmgard-haas_socialart_portrait.webp 600w, https:\/\/socialart-muenchen.de\/wp-content\/uploads\/2024\/05\/irmgard-haas_socialart_portrait-300x300.webp 300w, https:\/\/socialart-muenchen.de\/wp-content\/uploads\/2024\/05\/irmgard-haas_socialart_portrait-150x150.webp 150w\" sizes=\"auto, (max-width: 600px) 100vw, 600px\" \/><\/a><\/figure>\n\n\n\n<div class=\"wp-block-group is-vertical is-content-justification-center is-nowrap is-layout-flex wp-container-core-group-is-layout-21d4e958 wp-block-group-is-layout-flex\">\n<p class=\"has-text-align-center has-small-font-size\"><strong><a href=\"https:\/\/socialart-muenchen.de\/index.php\/artist\/irmgard-haas\/\">Irmgard Haas<\/a><\/strong><\/p>\n\n\n\n<p class=\"has-text-align-center has-small-font-size\">Bildhauerei<\/p>\n<\/div>\n<\/div>\n\n\n\n<div class=\"wp-block-column is-layout-flow wp-block-column-is-layout-flow\">\n<figure class=\"wp-block-image size-full is-style-rounded is-style-rounded--6\"><a href=\"https:\/\/socialart-muenchen.de\/index.php\/artist\/petra-bauer-wolfram\/\"><img loading=\"lazy\" decoding=\"async\" width=\"600\" height=\"600\" src=\"http:\/\/dev.socialart-muenchen.de\/wp-content\/uploads\/2024\/06\/petra-bauer-wolfram_socialart_portrait_scaled.webp\" alt=\"\" class=\"wp-image-388\" style=\"aspect-ratio:1;object-fit:cover\" srcset=\"https:\/\/socialart-muenchen.de\/wp-content\/uploads\/2024\/06\/petra-bauer-wolfram_socialart_portrait_scaled.webp 600w, https:\/\/socialart-muenchen.de\/wp-content\/uploads\/2024\/06\/petra-bauer-wolfram_socialart_portrait_scaled-300x300.webp 300w, https:\/\/socialart-muenchen.de\/wp-content\/uploads\/2024\/06\/petra-bauer-wolfram_socialart_portrait_scaled-150x150.webp 150w\" sizes=\"auto, (max-width: 600px) 100vw, 600px\" \/><\/a><\/figure>\n\n\n\n<div class=\"wp-block-group is-vertical is-content-justification-center is-nowrap is-layout-flex wp-container-core-group-is-layout-63bfd6c1 wp-block-group-is-layout-flex\">\n<p class=\"has-text-align-center has-small-font-size\"><strong><a href=\"https:\/\/socialart-muenchen.de\/index.php\/artist\/petra-bauer-wolfram\/\">Petra Bauer-Wolfram<\/a><\/strong><\/p>\n\n\n\n<p class=\"has-text-align-center has-small-font-size\">Fotografie, Collage, Installation<\/p>\n<\/div>\n<\/div>\n\n\n\n<div class=\"wp-block-column is-layout-flow wp-block-column-is-layout-flow\">\n<div class=\"wp-block-group is-vertical is-content-justification-center is-nowrap is-layout-flex wp-container-core-group-is-layout-63bfd6c1 wp-block-group-is-layout-flex\">\n<figure class=\"wp-block-image size-full is-style-rounded is-style-rounded--7\"><a href=\"https:\/\/socialart-muenchen.de\/index.php\/artist\/edeltraud-mierau-baehr\/\"><img loading=\"lazy\" decoding=\"async\" width=\"600\" height=\"600\" src=\"http:\/\/dev.socialart-muenchen.de\/wp-content\/uploads\/2024\/06\/edeltraud-mierau-baehr_socialart_portrait_scaled.webp\" alt=\"\" class=\"wp-image-366\" style=\"aspect-ratio:1;object-fit:cover\" srcset=\"https:\/\/socialart-muenchen.de\/wp-content\/uploads\/2024\/06\/edeltraud-mierau-baehr_socialart_portrait_scaled.webp 600w, https:\/\/socialart-muenchen.de\/wp-content\/uploads\/2024\/06\/edeltraud-mierau-baehr_socialart_portrait_scaled-300x300.webp 300w, https:\/\/socialart-muenchen.de\/wp-content\/uploads\/2024\/06\/edeltraud-mierau-baehr_socialart_portrait_scaled-150x150.webp 150w\" sizes=\"auto, (max-width: 600px) 100vw, 600px\" \/><\/a><\/figure>\n<\/div>\n\n\n\n<p class=\"has-text-align-center has-small-font-size\"><strong><a href=\"https:\/\/socialart-muenchen.de\/index.php\/artist\/edeltraud-mierau-baehr\/\">Edeltraud Mierau-B\u00e4hr<br><\/a><\/strong>Malerei, Mischtechnik<\/p>\n<\/div>\n\n\n\n<div class=\"wp-block-column is-layout-flow wp-block-column-is-layout-flow\">\n<figure class=\"wp-block-image size-full is-style-rounded is-style-rounded--8\"><a href=\"https:\/\/socialart-muenchen.de\/index.php\/ehemalige\/\"><img loading=\"lazy\" decoding=\"async\" width=\"1024\" height=\"1024\" src=\"http:\/\/dev.socialart-muenchen.de\/wp-content\/uploads\/2024\/04\/gallery2.png\" alt=\"\" class=\"wp-image-185\" style=\"aspect-ratio:1;object-fit:cover\" srcset=\"https:\/\/socialart-muenchen.de\/wp-content\/uploads\/2024\/04\/gallery2.png 1024w, https:\/\/socialart-muenchen.de\/wp-content\/uploads\/2024\/04\/gallery2-300x300.png 300w, https:\/\/socialart-muenchen.de\/wp-content\/uploads\/2024\/04\/gallery2-150x150.png 150w, https:\/\/socialart-muenchen.de\/wp-content\/uploads\/2024\/04\/gallery2-768x768.png 768w\" sizes=\"auto, (max-width: 1024px) 100vw, 1024px\" \/><\/a><\/figure>\n\n\n\n<div class=\"wp-block-group is-vertical is-content-justification-center is-nowrap is-layout-flex wp-container-core-group-is-layout-21d4e958 wp-block-group-is-layout-flex\">\n<p class=\"has-text-align-center has-small-font-size\"><strong><a href=\"https:\/\/socialart-muenchen.de\/index.php\/ehemalige\/\">Ehemalige<\/a><\/strong><\/p>\n\n\n\n<p class=\"has-text-align-center has-small-font-size\"><\/p>\n<\/div>\n<\/div>\n<\/div>\n<\/div>\n","protected":false},"excerpt":{"rendered":"<p>Lernen Sie die K\u00fcnstlerinnen von SocialArt M\u00fcnchen kennen! Christa B\u00f6hm Fotografie Ursula Duch Malerei, Holzschnitt Katharina Cull Hamberger Keramik, Upcycling, Installation Maria Stepan-Bohn Malerei, Drucktechnik Irmgard Haas Bildhauerei Petra Bauer-Wolfram [&hellip;]<\/p>\n","protected":false},"author":2,"featured_media":263,"parent":0,"menu_order":0,"comment_status":"closed","ping_status":"closed","template":"","meta":{"pgc_sgb_lightbox_settings":"","_EventAllDay":false,"_EventTimezone":"","_EventStartDate":"","_EventEndDate":"","_EventStartDateUTC":"","_EventEndDateUTC":"","_EventShowMap":false,"_EventShowMapLink":false,"_EventURL":"","_EventCost":"","_EventCostDescription":"","_EventCurrencySymbol":"","_EventCurrencyCode":"","_EventCurrencyPosition":"","_EventDateTimeSeparator":"","_EventTimeRangeSeparator":"","_EventOrganizerID":[],"_EventVenueID":[],"_OrganizerEmail":"","_OrganizerPhone":"","_OrganizerWebsite":"","_VenueAddress":"","_VenueCity":"","_VenueCountry":"","_VenueProvince":"","_VenueState":"","_VenueZip":"","_VenuePhone":"","_VenueURL":"","_VenueStateProvince":"","_VenueLat":"","_VenueLng":"","_VenueShowMap":false,"_VenueShowMapLink":false,"footnotes":""},"class_list":["post-40","page","type-page","status-publish","has-post-thumbnail","hentry"],"yoast_head":"<!-- This site is optimized with the Yoast SEO plugin v27.4 - https:\/\/yoast.com\/product\/yoast-seo-wordpress\/ -->\n<title>SocialArt | K\u00fcnstlerinnen<\/title>\n<meta name=\"description\" content=\"Unsere K\u00fcnstlerinnen sind das Herzst\u00fcck von SocialArt M\u00fcnchen \u2013 jede von ihnen bringt ihre einzigartige Perspektive und Kreativit\u00e4t ein\" \/>\n<meta name=\"robots\" content=\"index, follow, max-snippet:-1, max-image-preview:large, max-video-preview:-1\" \/>\n<link rel=\"canonical\" href=\"https:\/\/socialart-muenchen.de\/index.php\/kuenstlerinnen\/\" \/>\n<meta property=\"og:locale\" content=\"de_DE\" \/>\n<meta property=\"og:type\" content=\"article\" \/>\n<meta property=\"og:title\" content=\"SocialArt | K\u00fcnstlerinnen\" \/>\n<meta property=\"og:description\" content=\"Unsere K\u00fcnstlerinnen sind das Herzst\u00fcck von SocialArt M\u00fcnchen \u2013 jede von ihnen bringt ihre einzigartige Perspektive und Kreativit\u00e4t ein\" \/>\n<meta property=\"og:url\" content=\"https:\/\/socialart-muenchen.de\/index.php\/kuenstlerinnen\/\" \/>\n<meta property=\"og:site_name\" content=\"SocialArt\" \/>\n<meta property=\"article:modified_time\" content=\"2024-07-03T10:53:29+00:00\" \/>\n<meta property=\"og:image\" content=\"https:\/\/socialart-muenchen.de\/wp-content\/uploads\/2024\/05\/kuenstlerinnen_socialart-muenchen_gruppenfoto.jpg\" \/>\n\t<meta property=\"og:image:width\" content=\"1920\" \/>\n\t<meta property=\"og:image:height\" content=\"1440\" \/>\n\t<meta property=\"og:image:type\" content=\"image\/jpeg\" \/>\n<meta name=\"twitter:card\" content=\"summary_large_image\" \/>\n<meta name=\"twitter:label1\" content=\"Gesch\u00e4tzte Lesezeit\" \/>\n\t<meta name=\"twitter:data1\" content=\"3\u00a0Minuten\" \/>\n<script type=\"application\/ld+json\" class=\"yoast-schema-graph\">{\"@context\":\"https:\\\/\\\/schema.org\",\"@graph\":[{\"@type\":\"WebPage\",\"@id\":\"https:\\\/\\\/socialart-muenchen.de\\\/index.php\\\/kuenstlerinnen\\\/\",\"url\":\"https:\\\/\\\/socialart-muenchen.de\\\/index.php\\\/kuenstlerinnen\\\/\",\"name\":\"SocialArt | K\u00fcnstlerinnen\",\"isPartOf\":{\"@id\":\"http:\\\/\\\/socialart-muenchen.de\\\/#website\"},\"primaryImageOfPage\":{\"@id\":\"https:\\\/\\\/socialart-muenchen.de\\\/index.php\\\/kuenstlerinnen\\\/#primaryimage\"},\"image\":{\"@id\":\"https:\\\/\\\/socialart-muenchen.de\\\/index.php\\\/kuenstlerinnen\\\/#primaryimage\"},\"thumbnailUrl\":\"https:\\\/\\\/socialart-muenchen.de\\\/wp-content\\\/uploads\\\/2024\\\/05\\\/kuenstlerinnen_socialart-muenchen_gruppenfoto.jpg\",\"datePublished\":\"2024-04-03T11:54:58+00:00\",\"dateModified\":\"2024-07-03T10:53:29+00:00\",\"description\":\"Unsere K\u00fcnstlerinnen sind das Herzst\u00fcck von SocialArt M\u00fcnchen \u2013 jede von ihnen bringt ihre einzigartige Perspektive und Kreativit\u00e4t ein\",\"breadcrumb\":{\"@id\":\"https:\\\/\\\/socialart-muenchen.de\\\/index.php\\\/kuenstlerinnen\\\/#breadcrumb\"},\"inLanguage\":\"de\",\"potentialAction\":[{\"@type\":\"ReadAction\",\"target\":[\"https:\\\/\\\/socialart-muenchen.de\\\/index.php\\\/kuenstlerinnen\\\/\"]}]},{\"@type\":\"ImageObject\",\"inLanguage\":\"de\",\"@id\":\"https:\\\/\\\/socialart-muenchen.de\\\/index.php\\\/kuenstlerinnen\\\/#primaryimage\",\"url\":\"https:\\\/\\\/socialart-muenchen.de\\\/wp-content\\\/uploads\\\/2024\\\/05\\\/kuenstlerinnen_socialart-muenchen_gruppenfoto.jpg\",\"contentUrl\":\"https:\\\/\\\/socialart-muenchen.de\\\/wp-content\\\/uploads\\\/2024\\\/05\\\/kuenstlerinnen_socialart-muenchen_gruppenfoto.jpg\",\"width\":1920,\"height\":1440},{\"@type\":\"BreadcrumbList\",\"@id\":\"https:\\\/\\\/socialart-muenchen.de\\\/index.php\\\/kuenstlerinnen\\\/#breadcrumb\",\"itemListElement\":[{\"@type\":\"ListItem\",\"position\":1,\"name\":\"Startseite\",\"item\":\"http:\\\/\\\/socialart-muenchen.de\\\/\"},{\"@type\":\"ListItem\",\"position\":2,\"name\":\"K\u00fcnstlerinnen\"}]},{\"@type\":\"WebSite\",\"@id\":\"http:\\\/\\\/socialart-muenchen.de\\\/#website\",\"url\":\"http:\\\/\\\/socialart-muenchen.de\\\/\",\"name\":\"SocialArt\",\"description\":\"\",\"publisher\":{\"@id\":\"http:\\\/\\\/socialart-muenchen.de\\\/#organization\"},\"potentialAction\":[{\"@type\":\"SearchAction\",\"target\":{\"@type\":\"EntryPoint\",\"urlTemplate\":\"http:\\\/\\\/socialart-muenchen.de\\\/?s={search_term_string}\"},\"query-input\":{\"@type\":\"PropertyValueSpecification\",\"valueRequired\":true,\"valueName\":\"search_term_string\"}}],\"inLanguage\":\"de\"},{\"@type\":\"Organization\",\"@id\":\"http:\\\/\\\/socialart-muenchen.de\\\/#organization\",\"name\":\"SocialArt\",\"url\":\"http:\\\/\\\/socialart-muenchen.de\\\/\",\"logo\":{\"@type\":\"ImageObject\",\"inLanguage\":\"de\",\"@id\":\"http:\\\/\\\/socialart-muenchen.de\\\/#\\\/schema\\\/logo\\\/image\\\/\",\"url\":\"https:\\\/\\\/socialart-muenchen.de\\\/wp-content\\\/uploads\\\/2024\\\/05\\\/logo-2.png\",\"contentUrl\":\"https:\\\/\\\/socialart-muenchen.de\\\/wp-content\\\/uploads\\\/2024\\\/05\\\/logo-2.png\",\"width\":687,\"height\":245,\"caption\":\"SocialArt\"},\"image\":{\"@id\":\"http:\\\/\\\/socialart-muenchen.de\\\/#\\\/schema\\\/logo\\\/image\\\/\"}}]}<\/script>\n<!-- \/ Yoast SEO plugin. -->","yoast_head_json":{"title":"SocialArt | K\u00fcnstlerinnen","description":"Unsere K\u00fcnstlerinnen sind das Herzst\u00fcck von SocialArt M\u00fcnchen \u2013 jede von ihnen bringt ihre einzigartige Perspektive und Kreativit\u00e4t ein","robots":{"index":"index","follow":"follow","max-snippet":"max-snippet:-1","max-image-preview":"max-image-preview:large","max-video-preview":"max-video-preview:-1"},"canonical":"https:\/\/socialart-muenchen.de\/index.php\/kuenstlerinnen\/","og_locale":"de_DE","og_type":"article","og_title":"SocialArt | K\u00fcnstlerinnen","og_description":"Unsere K\u00fcnstlerinnen sind das Herzst\u00fcck von SocialArt M\u00fcnchen \u2013 jede von ihnen bringt ihre einzigartige Perspektive und Kreativit\u00e4t ein","og_url":"https:\/\/socialart-muenchen.de\/index.php\/kuenstlerinnen\/","og_site_name":"SocialArt","article_modified_time":"2024-07-03T10:53:29+00:00","og_image":[{"width":1920,"height":1440,"url":"https:\/\/socialart-muenchen.de\/wp-content\/uploads\/2024\/05\/kuenstlerinnen_socialart-muenchen_gruppenfoto.jpg","type":"image\/jpeg"}],"twitter_card":"summary_large_image","twitter_misc":{"Gesch\u00e4tzte Lesezeit":"3\u00a0Minuten"},"schema":{"@context":"https:\/\/schema.org","@graph":[{"@type":"WebPage","@id":"https:\/\/socialart-muenchen.de\/index.php\/kuenstlerinnen\/","url":"https:\/\/socialart-muenchen.de\/index.php\/kuenstlerinnen\/","name":"SocialArt | K\u00fcnstlerinnen","isPartOf":{"@id":"http:\/\/socialart-muenchen.de\/#website"},"primaryImageOfPage":{"@id":"https:\/\/socialart-muenchen.de\/index.php\/kuenstlerinnen\/#primaryimage"},"image":{"@id":"https:\/\/socialart-muenchen.de\/index.php\/kuenstlerinnen\/#primaryimage"},"thumbnailUrl":"https:\/\/socialart-muenchen.de\/wp-content\/uploads\/2024\/05\/kuenstlerinnen_socialart-muenchen_gruppenfoto.jpg","datePublished":"2024-04-03T11:54:58+00:00","dateModified":"2024-07-03T10:53:29+00:00","description":"Unsere K\u00fcnstlerinnen sind das Herzst\u00fcck von SocialArt M\u00fcnchen \u2013 jede von ihnen bringt ihre einzigartige Perspektive und Kreativit\u00e4t ein","breadcrumb":{"@id":"https:\/\/socialart-muenchen.de\/index.php\/kuenstlerinnen\/#breadcrumb"},"inLanguage":"de","potentialAction":[{"@type":"ReadAction","target":["https:\/\/socialart-muenchen.de\/index.php\/kuenstlerinnen\/"]}]},{"@type":"ImageObject","inLanguage":"de","@id":"https:\/\/socialart-muenchen.de\/index.php\/kuenstlerinnen\/#primaryimage","url":"https:\/\/socialart-muenchen.de\/wp-content\/uploads\/2024\/05\/kuenstlerinnen_socialart-muenchen_gruppenfoto.jpg","contentUrl":"https:\/\/socialart-muenchen.de\/wp-content\/uploads\/2024\/05\/kuenstlerinnen_socialart-muenchen_gruppenfoto.jpg","width":1920,"height":1440},{"@type":"BreadcrumbList","@id":"https:\/\/socialart-muenchen.de\/index.php\/kuenstlerinnen\/#breadcrumb","itemListElement":[{"@type":"ListItem","position":1,"name":"Startseite","item":"http:\/\/socialart-muenchen.de\/"},{"@type":"ListItem","position":2,"name":"K\u00fcnstlerinnen"}]},{"@type":"WebSite","@id":"http:\/\/socialart-muenchen.de\/#website","url":"http:\/\/socialart-muenchen.de\/","name":"SocialArt","description":"","publisher":{"@id":"http:\/\/socialart-muenchen.de\/#organization"},"potentialAction":[{"@type":"SearchAction","target":{"@type":"EntryPoint","urlTemplate":"http:\/\/socialart-muenchen.de\/?s={search_term_string}"},"query-input":{"@type":"PropertyValueSpecification","valueRequired":true,"valueName":"search_term_string"}}],"inLanguage":"de"},{"@type":"Organization","@id":"http:\/\/socialart-muenchen.de\/#organization","name":"SocialArt","url":"http:\/\/socialart-muenchen.de\/","logo":{"@type":"ImageObject","inLanguage":"de","@id":"http:\/\/socialart-muenchen.de\/#\/schema\/logo\/image\/","url":"https:\/\/socialart-muenchen.de\/wp-content\/uploads\/2024\/05\/logo-2.png","contentUrl":"https:\/\/socialart-muenchen.de\/wp-content\/uploads\/2024\/05\/logo-2.png","width":687,"height":245,"caption":"SocialArt"},"image":{"@id":"http:\/\/socialart-muenchen.de\/#\/schema\/logo\/image\/"}}]}},"_links":{"self":[{"href":"https:\/\/socialart-muenchen.de\/index.php\/wp-json\/wp\/v2\/pages\/40","targetHints":{"allow":["GET"]}}],"collection":[{"href":"https:\/\/socialart-muenchen.de\/index.php\/wp-json\/wp\/v2\/pages"}],"about":[{"href":"https:\/\/socialart-muenchen.de\/index.php\/wp-json\/wp\/v2\/types\/page"}],"author":[{"embeddable":true,"href":"https:\/\/socialart-muenchen.de\/index.php\/wp-json\/wp\/v2\/users\/2"}],"replies":[{"embeddable":true,"href":"https:\/\/socialart-muenchen.de\/index.php\/wp-json\/wp\/v2\/comments?post=40"}],"version-history":[{"count":29,"href":"https:\/\/socialart-muenchen.de\/index.php\/wp-json\/wp\/v2\/pages\/40\/revisions"}],"predecessor-version":[{"id":451,"href":"https:\/\/socialart-muenchen.de\/index.php\/wp-json\/wp\/v2\/pages\/40\/revisions\/451"}],"wp:featuredmedia":[{"embeddable":true,"href":"https:\/\/socialart-muenchen.de\/index.php\/wp-json\/wp\/v2\/media\/263"}],"wp:attachment":[{"href":"https:\/\/socialart-muenchen.de\/index.php\/wp-json\/wp\/v2\/media?parent=40"}],"curies":[{"name":"wp","href":"https:\/\/api.w.org\/{rel}","templated":true}]}}