{"id":2,"date":"2024-04-02T13:27:54","date_gmt":"2024-04-02T11:27:54","guid":{"rendered":"http:\/\/dev.socialart-muenchen.de\/?page_id=2"},"modified":"2024-06-23T17:51:53","modified_gmt":"2024-06-23T15:51:53","slug":"kontakt","status":"publish","type":"page","link":"https:\/\/socialart-muenchen.de\/index.php\/kontakt\/","title":{"rendered":"Kontakt"},"content":{"rendered":"\n<h4 class=\"wp-block-heading\">Treten Sie in Kontakt mit SocialArt M\u00fcnchen<\/h4>\n\n\n\n<p>Nutzen Sie bitte das Formular, um uns eine Nachricht zu schicken. Wir freuen uns darauf, von Ihnen zu h\u00f6ren.<\/p>\n\n\n\n<div class=\"wpcf7 no-js\" id=\"wpcf7-f9-o1\" lang=\"de-DE\" dir=\"ltr\" data-wpcf7-id=\"9\">\n<div class=\"screen-reader-response\"><p role=\"status\" aria-live=\"polite\" aria-atomic=\"true\"><\/p> <ul><\/ul><\/div>\n<form action=\"\/index.php\/wp-json\/wp\/v2\/pages\/2#wpcf7-f9-o1\" method=\"post\" class=\"wpcf7-form init\" aria-label=\"Kontaktformular\" novalidate=\"novalidate\" data-status=\"init\">\n<fieldset class=\"hidden-fields-container\"><input type=\"hidden\" name=\"_wpcf7\" value=\"9\" \/><input type=\"hidden\" name=\"_wpcf7_version\" value=\"6.1.5\" \/><input type=\"hidden\" name=\"_wpcf7_locale\" value=\"de_DE\" \/><input type=\"hidden\" name=\"_wpcf7_unit_tag\" value=\"wpcf7-f9-o1\" \/><input type=\"hidden\" name=\"_wpcf7_container_post\" value=\"0\" \/><input type=\"hidden\" name=\"_wpcf7_posted_data_hash\" value=\"\" \/>\n<\/fieldset>\n<p><label> Name<br \/>\n<span class=\"wpcf7-form-control-wrap\" data-name=\"your-name\"><input size=\"40\" maxlength=\"400\" class=\"wpcf7-form-control wpcf7-text wpcf7-validates-as-required\" autocomplete=\"name\" aria-required=\"true\" aria-invalid=\"false\" value=\"\" type=\"text\" name=\"your-name\" \/><\/span> <\/label>\n<\/p>\n<p><label> E-Mail-Adresse<br \/>\n<span class=\"wpcf7-form-control-wrap\" data-name=\"your-email\"><input size=\"40\" maxlength=\"400\" class=\"wpcf7-form-control wpcf7-email wpcf7-validates-as-required wpcf7-text wpcf7-validates-as-email\" autocomplete=\"email\" aria-required=\"true\" aria-invalid=\"false\" value=\"\" type=\"email\" name=\"your-email\" \/><\/span> <\/label>\n<\/p>\n<p><label> Betreff<br \/>\n<span class=\"wpcf7-form-control-wrap\" data-name=\"your-subject\"><input size=\"40\" maxlength=\"400\" class=\"wpcf7-form-control wpcf7-text wpcf7-validates-as-required\" aria-required=\"true\" aria-invalid=\"false\" value=\"\" type=\"text\" name=\"your-subject\" \/><\/span> <\/label>\n<\/p>\n<p><label> Nachricht (optional)<br \/>\n<span class=\"wpcf7-form-control-wrap\" data-name=\"your-message\"><textarea cols=\"40\" rows=\"10\" maxlength=\"2000\" class=\"wpcf7-form-control wpcf7-textarea\" aria-invalid=\"false\" name=\"your-message\"><\/textarea><\/span> <\/label>\n<\/p>\n<p><div class=\"cf7-cf-turnstile\" style=\"margin-top: 0px; margin-bottom: -15px;\"> <div id=\"cf-turnstile-cf7-936737220\" class=\"cf-turnstile\" data-callback=\"turnstileCF7Callback\" data-sitekey=\"0x4AAAAAAAWO5eUQkTKD8p2u\" data-theme=\"light\" data-language=\"auto\" data-size=\"\" data-retry=\"auto\" data-retry-interval=\"1000\" data-refresh-expired=\"auto\" data-refresh-timeout=\"auto\" data-action=\"contact-form-7\" data-callback=\"turnstileCF7Callback\" data-appearance=\"always\"><\/div> <style>.wpcf7-submit { pointer-events: none; opacity: 0.5; }<\/style> <script>document.addEventListener(\"DOMContentLoaded\", function() { setTimeout(function(){ var e=document.getElementById(\"cf-turnstile-cf7-936737220\"); if(e&&!e.innerHTML.trim()){turnstile.render(e, {sitekey:\"0x4AAAAAAAWO5eUQkTKD8p2u\"});} }, 200); });<\/script> <br class=\"cf-turnstile-br cf-turnstile-br-cf7-936737220\"> <style>#cf-turnstile-cf7-936737220 { margin-left: -15px; }<\/style> <script>document.addEventListener(\"DOMContentLoaded\",function(){document.querySelectorAll('.wpcf7-form').forEach(function(e){e.addEventListener('submit',function(){if(document.getElementById('cf-turnstile-cf7-936737220')){setTimeout(function(){turnstile.reset('#cf-turnstile-cf7-936737220');},1000)}})})});<\/script> <\/div><br\/><input type=\"submit\" class=\"wp-block-button__link\" \/>\n<\/p><div class=\"wpcf7-response-output\" aria-hidden=\"true\"><\/div>\n<\/form>\n<\/div>\n\n","protected":false},"excerpt":{"rendered":"<p>Treten Sie in Kontakt mit SocialArt M\u00fcnchen Nutzen Sie bitte das Formular, um uns eine Nachricht zu schicken. Wir freuen uns darauf, von Ihnen zu h\u00f6ren.<\/p>\n","protected":false},"author":2,"featured_media":0,"parent":0,"menu_order":0,"comment_status":"closed","ping_status":"closed","template":"","meta":{"pgc_sgb_lightbox_settings":"","_EventAllDay":false,"_EventTimezone":"","_EventStartDate":"","_EventEndDate":"","_EventStartDateUTC":"","_EventEndDateUTC":"","_EventShowMap":false,"_EventShowMapLink":false,"_EventURL":"","_EventCost":"","_EventCostDescription":"","_EventCurrencySymbol":"","_EventCurrencyCode":"","_EventCurrencyPosition":"","_EventDateTimeSeparator":"","_EventTimeRangeSeparator":"","_EventOrganizerID":[],"_EventVenueID":[],"_OrganizerEmail":"","_OrganizerPhone":"","_OrganizerWebsite":"","_VenueAddress":"","_VenueCity":"","_VenueCountry":"","_VenueProvince":"","_VenueState":"","_VenueZip":"","_VenuePhone":"","_VenueURL":"","_VenueStateProvince":"","_VenueLat":"","_VenueLng":"","_VenueShowMap":false,"_VenueShowMapLink":false,"footnotes":""},"class_list":["post-2","page","type-page","status-publish","hentry"],"yoast_head":"<!-- This site is optimized with the Yoast SEO plugin v27.4 - https:\/\/yoast.com\/product\/yoast-seo-wordpress\/ -->\n<title>SocialArt | Kontakt<\/title>\n<meta name=\"description\" content=\"Nutzen Sie das Formular, um mit den K\u00fcnstlerinnen von SocialArt M\u00fcnchen in Kontakt zu treten. Wir freuen uns darauf, von Ihnen zu h\u00f6ren.\" \/>\n<meta name=\"robots\" content=\"index, follow, max-snippet:-1, max-image-preview:large, max-video-preview:-1\" \/>\n<link rel=\"canonical\" href=\"http:\/\/socialart-muenchen.de\/index.php\/kontakt\/\" \/>\n<meta property=\"og:locale\" content=\"de_DE\" \/>\n<meta property=\"og:type\" content=\"article\" \/>\n<meta property=\"og:title\" content=\"SocialArt | Kontakt\" \/>\n<meta property=\"og:description\" content=\"Nutzen Sie das Formular, um mit den K\u00fcnstlerinnen von SocialArt M\u00fcnchen in Kontakt zu treten. Wir freuen uns darauf, von Ihnen zu h\u00f6ren.\" \/>\n<meta property=\"og:url\" content=\"http:\/\/socialart-muenchen.de\/index.php\/kontakt\/\" \/>\n<meta property=\"og:site_name\" content=\"SocialArt\" \/>\n<meta property=\"article:modified_time\" content=\"2024-06-23T15:51:53+00:00\" \/>\n<meta name=\"twitter:card\" content=\"summary_large_image\" \/>\n<meta name=\"twitter:label1\" content=\"Gesch\u00e4tzte Lesezeit\" \/>\n\t<meta name=\"twitter:data1\" content=\"1\u00a0Minute\" \/>\n<script type=\"application\/ld+json\" class=\"yoast-schema-graph\">{\"@context\":\"https:\\\/\\\/schema.org\",\"@graph\":[{\"@type\":\"WebPage\",\"@id\":\"http:\\\/\\\/socialart-muenchen.de\\\/index.php\\\/kontakt\\\/\",\"url\":\"http:\\\/\\\/socialart-muenchen.de\\\/index.php\\\/kontakt\\\/\",\"name\":\"SocialArt | Kontakt\",\"isPartOf\":{\"@id\":\"http:\\\/\\\/socialart-muenchen.de\\\/#website\"},\"datePublished\":\"2024-04-02T11:27:54+00:00\",\"dateModified\":\"2024-06-23T15:51:53+00:00\",\"description\":\"Nutzen Sie das Formular, um mit den K\u00fcnstlerinnen von SocialArt M\u00fcnchen in Kontakt zu treten. Wir freuen uns darauf, von Ihnen zu h\u00f6ren.\",\"breadcrumb\":{\"@id\":\"http:\\\/\\\/socialart-muenchen.de\\\/index.php\\\/kontakt\\\/#breadcrumb\"},\"inLanguage\":\"de\",\"potentialAction\":[{\"@type\":\"ReadAction\",\"target\":[\"http:\\\/\\\/socialart-muenchen.de\\\/index.php\\\/kontakt\\\/\"]}]},{\"@type\":\"BreadcrumbList\",\"@id\":\"http:\\\/\\\/socialart-muenchen.de\\\/index.php\\\/kontakt\\\/#breadcrumb\",\"itemListElement\":[{\"@type\":\"ListItem\",\"position\":1,\"name\":\"Startseite\",\"item\":\"http:\\\/\\\/socialart-muenchen.de\\\/\"},{\"@type\":\"ListItem\",\"position\":2,\"name\":\"Kontakt\"}]},{\"@type\":\"WebSite\",\"@id\":\"http:\\\/\\\/socialart-muenchen.de\\\/#website\",\"url\":\"http:\\\/\\\/socialart-muenchen.de\\\/\",\"name\":\"SocialArt\",\"description\":\"\",\"publisher\":{\"@id\":\"http:\\\/\\\/socialart-muenchen.de\\\/#organization\"},\"potentialAction\":[{\"@type\":\"SearchAction\",\"target\":{\"@type\":\"EntryPoint\",\"urlTemplate\":\"http:\\\/\\\/socialart-muenchen.de\\\/?s={search_term_string}\"},\"query-input\":{\"@type\":\"PropertyValueSpecification\",\"valueRequired\":true,\"valueName\":\"search_term_string\"}}],\"inLanguage\":\"de\"},{\"@type\":\"Organization\",\"@id\":\"http:\\\/\\\/socialart-muenchen.de\\\/#organization\",\"name\":\"SocialArt\",\"url\":\"http:\\\/\\\/socialart-muenchen.de\\\/\",\"logo\":{\"@type\":\"ImageObject\",\"inLanguage\":\"de\",\"@id\":\"http:\\\/\\\/socialart-muenchen.de\\\/#\\\/schema\\\/logo\\\/image\\\/\",\"url\":\"https:\\\/\\\/socialart-muenchen.de\\\/wp-content\\\/uploads\\\/2024\\\/05\\\/logo-2.png\",\"contentUrl\":\"https:\\\/\\\/socialart-muenchen.de\\\/wp-content\\\/uploads\\\/2024\\\/05\\\/logo-2.png\",\"width\":687,\"height\":245,\"caption\":\"SocialArt\"},\"image\":{\"@id\":\"http:\\\/\\\/socialart-muenchen.de\\\/#\\\/schema\\\/logo\\\/image\\\/\"}}]}<\/script>\n<!-- \/ Yoast SEO plugin. -->","yoast_head_json":{"title":"SocialArt | Kontakt","description":"Nutzen Sie das Formular, um mit den K\u00fcnstlerinnen von SocialArt M\u00fcnchen in Kontakt zu treten. Wir freuen uns darauf, von Ihnen zu h\u00f6ren.","robots":{"index":"index","follow":"follow","max-snippet":"max-snippet:-1","max-image-preview":"max-image-preview:large","max-video-preview":"max-video-preview:-1"},"canonical":"http:\/\/socialart-muenchen.de\/index.php\/kontakt\/","og_locale":"de_DE","og_type":"article","og_title":"SocialArt | Kontakt","og_description":"Nutzen Sie das Formular, um mit den K\u00fcnstlerinnen von SocialArt M\u00fcnchen in Kontakt zu treten. Wir freuen uns darauf, von Ihnen zu h\u00f6ren.","og_url":"http:\/\/socialart-muenchen.de\/index.php\/kontakt\/","og_site_name":"SocialArt","article_modified_time":"2024-06-23T15:51:53+00:00","twitter_card":"summary_large_image","twitter_misc":{"Gesch\u00e4tzte Lesezeit":"1\u00a0Minute"},"schema":{"@context":"https:\/\/schema.org","@graph":[{"@type":"WebPage","@id":"http:\/\/socialart-muenchen.de\/index.php\/kontakt\/","url":"http:\/\/socialart-muenchen.de\/index.php\/kontakt\/","name":"SocialArt | Kontakt","isPartOf":{"@id":"http:\/\/socialart-muenchen.de\/#website"},"datePublished":"2024-04-02T11:27:54+00:00","dateModified":"2024-06-23T15:51:53+00:00","description":"Nutzen Sie das Formular, um mit den K\u00fcnstlerinnen von SocialArt M\u00fcnchen in Kontakt zu treten. Wir freuen uns darauf, von Ihnen zu h\u00f6ren.","breadcrumb":{"@id":"http:\/\/socialart-muenchen.de\/index.php\/kontakt\/#breadcrumb"},"inLanguage":"de","potentialAction":[{"@type":"ReadAction","target":["http:\/\/socialart-muenchen.de\/index.php\/kontakt\/"]}]},{"@type":"BreadcrumbList","@id":"http:\/\/socialart-muenchen.de\/index.php\/kontakt\/#breadcrumb","itemListElement":[{"@type":"ListItem","position":1,"name":"Startseite","item":"http:\/\/socialart-muenchen.de\/"},{"@type":"ListItem","position":2,"name":"Kontakt"}]},{"@type":"WebSite","@id":"http:\/\/socialart-muenchen.de\/#website","url":"http:\/\/socialart-muenchen.de\/","name":"SocialArt","description":"","publisher":{"@id":"http:\/\/socialart-muenchen.de\/#organization"},"potentialAction":[{"@type":"SearchAction","target":{"@type":"EntryPoint","urlTemplate":"http:\/\/socialart-muenchen.de\/?s={search_term_string}"},"query-input":{"@type":"PropertyValueSpecification","valueRequired":true,"valueName":"search_term_string"}}],"inLanguage":"de"},{"@type":"Organization","@id":"http:\/\/socialart-muenchen.de\/#organization","name":"SocialArt","url":"http:\/\/socialart-muenchen.de\/","logo":{"@type":"ImageObject","inLanguage":"de","@id":"http:\/\/socialart-muenchen.de\/#\/schema\/logo\/image\/","url":"https:\/\/socialart-muenchen.de\/wp-content\/uploads\/2024\/05\/logo-2.png","contentUrl":"https:\/\/socialart-muenchen.de\/wp-content\/uploads\/2024\/05\/logo-2.png","width":687,"height":245,"caption":"SocialArt"},"image":{"@id":"http:\/\/socialart-muenchen.de\/#\/schema\/logo\/image\/"}}]}},"_links":{"self":[{"href":"https:\/\/socialart-muenchen.de\/index.php\/wp-json\/wp\/v2\/pages\/2","targetHints":{"allow":["GET"]}}],"collection":[{"href":"https:\/\/socialart-muenchen.de\/index.php\/wp-json\/wp\/v2\/pages"}],"about":[{"href":"https:\/\/socialart-muenchen.de\/index.php\/wp-json\/wp\/v2\/types\/page"}],"author":[{"embeddable":true,"href":"https:\/\/socialart-muenchen.de\/index.php\/wp-json\/wp\/v2\/users\/2"}],"replies":[{"embeddable":true,"href":"https:\/\/socialart-muenchen.de\/index.php\/wp-json\/wp\/v2\/comments?post=2"}],"version-history":[{"count":4,"href":"https:\/\/socialart-muenchen.de\/index.php\/wp-json\/wp\/v2\/pages\/2\/revisions"}],"predecessor-version":[{"id":329,"href":"https:\/\/socialart-muenchen.de\/index.php\/wp-json\/wp\/v2\/pages\/2\/revisions\/329"}],"wp:attachment":[{"href":"https:\/\/socialart-muenchen.de\/index.php\/wp-json\/wp\/v2\/media?parent=2"}],"curies":[{"name":"wp","href":"https:\/\/api.w.org\/{rel}","templated":true}]}}